{"id":6322,"date":"2025-11-22T07:02:53","date_gmt":"2025-11-22T07:02:53","guid":{"rendered":"https:\/\/ancco.com.pe\/tienda\/producto\/inversor-onda-pura-24v-dc-220v-ac-1000w\/"},"modified":"2025-11-22T13:30:38","modified_gmt":"2025-11-22T13:30:38","slug":"inversor-onda-pura-24v-dc-220v-ac-1000w","status":"publish","type":"product","link":"https:\/\/ancco.com.pe\/tienda\/producto\/inversor-onda-pura-24v-dc-220v-ac-1000w\/","title":{"rendered":"Inversor Onda Pura 24V DC 220V AC 1000W"},"content":{"rendered":"<div class=\"vc_column_container col-md-6\">\n<div class=\"wpb_wrapper vc_column-inner\">\n<div class=\"wpb_text_column wpb_content_element wpb_custom_7c91d232724f73626cc933bd95b25ff0\">\n<div class=\"wpb_wrapper\">\n<p><strong>CARACTER\u00cdSTICAS T\u00c9CNICAS:<\/strong><\/p>\n<ul>\n<li>Marca: BLUE SOLAR<\/li>\n<li>Material: Aluminio<\/li>\n<li>N\u00famero de Modelo: BS1000P\/24V<\/li>\n<li>Voltaje de entrada: 24V DC<\/li>\n<li>Voltaje de salida: 220V AC<\/li>\n<li>Potencia nominal: 1000W<\/li>\n<li>Potencia de sobretensi\u00f3n: 2000W<\/li>\n<li>USB: 5V DC<\/li>\n<li>LED: verde\/ rojo<\/li>\n<li>Forma de onda: Onda sinusoidal pura<\/li>\n<li>Tipo: Inversores DC\/AC<\/li>\n<li>Frecuencia de salida: 50\/60Hz<\/li>\n<li>Certificado: CE ROHS FCC<\/li>\n<li>Rango de voltaje de entrada: 20V \u2013 30V<\/li>\n<li>Garant\u00eda: 1 a\u00f1o<\/li>\n<li>Eficiencia: 85%<\/li>\n<li>Tama\u00f1o: Inteligente, ligero y compatible, menos ruido y sin contaminaci\u00f3n.<\/li>\n<\/ul>\n<\/div>\n<\/div>\n<\/div>\n<\/div>\n<div class=\"vc_column_container col-md-6\">\n<div class=\"wpb_wrapper vc_column-inner\">\n<ul id=\"porto-info-list11819471266921bab9556cc\" class=\"porto-info-list \">\n<li class=\"porto-info-list-item\">\n<div class=\"porto-info-list-item-desc\"><strong>APLICACI\u00d3N:<\/strong><\/div>\n<\/li>\n<\/ul>\n<p>Funciona para casi todos los electrodom\u00e9sticos resistivos como, Reproductor MP3\/MP4, tel\u00e9fono m\u00f3vil, ordenador port\u00e1til, Luz de emergencia, manta el\u00e9ctrica, el\u00e9ctrica, Afeitadora, c\u00e1mara digital, v\u00eddeo digital, reproductor de CD\/DVD, Bombilla, luz fluorescente, Arroz, Cocina, plancha el\u00e9ctrica, ordenador de escritorio, m\u00e1quinas de fax, impresoras, TV LCD, ventiladores el\u00e9ctricos, Cargadores de tel\u00e9fonos m\u00f3viles, plancha el\u00e9ctrica, fuente de bebida, secador de pelo, etc.<\/p>\n<p><strong>NOTA:<\/strong><\/p>\n<p>Solo el inversor de onda sinusoidal pura puede usar aparatos el\u00e9ctricos sensibles que incluyen nevera, Lavadora, horno microondas, Cocina de Inducci\u00f3n, taladro el\u00e9ctrico, aire acondicionado, etc.<\/p>\n<p><strong>RECOMENDACIONES:<\/strong><\/p>\n<p>No utilice este equipo fuera de sus par\u00e1metros de trabajo ni lo sobrecargue.<br \/>\nNo derramar l\u00edquidos sobre el equipo.<\/p>\n<\/div>\n<\/div>\n","protected":false},"excerpt":{"rendered":"<p><strong>Detalles r\u00e1pidos:<\/strong><\/p>\n<ul>\n<li>Lugar del origen: Lima, Per\u00fa<\/li>\n<li>Marca: BLUE SOLAR<\/li>\n<li>Material: Aluminio<\/li>\n<li>N\u00famero de Modelo: BS1000P\/24V<\/li>\n<li>Color: Verde, azul<\/li>\n<li>Voltaje de entrada: 24V DC<\/li>\n<li>Voltaje de salida: 220V AC<\/li>\n<li>Potencia nominal: 1000W<\/li>\n<li>Forma de onda: Onda sinusoidal pura<\/li>\n<\/ul>\n<p><a href=\"https:\/\/drive.google.com\/file\/d\/1iBY2_eQYbLfLnk_vgb9btHZlpaXw6lPm\/view\" target=\"_blank\" rel=\"noopener\">FICHA TECNICA<\/a><\/p>\n","protected":false},"featured_media":6374,"template":"","meta":{"_joinchat":[]},"product_brand":[],"product_cat":[268],"product_tag":[],"class_list":{"0":"post-6322","1":"product","2":"type-product","3":"status-publish","4":"has-post-thumbnail","6":"product_cat-inversores-de-energia-blue-solar","8":"first","9":"instock","10":"sale","11":"shipping-taxable","12":"purchasable","13":"product-type-simple"},"_links":{"self":[{"href":"https:\/\/ancco.com.pe\/tienda\/wp-json\/wp\/v2\/product\/6322","targetHints":{"allow":["GET"]}}],"collection":[{"href":"https:\/\/ancco.com.pe\/tienda\/wp-json\/wp\/v2\/product"}],"about":[{"href":"https:\/\/ancco.com.pe\/tienda\/wp-json\/wp\/v2\/types\/product"}],"wp:featuredmedia":[{"embeddable":true,"href":"https:\/\/ancco.com.pe\/tienda\/wp-json\/wp\/v2\/media\/6374"}],"wp:attachment":[{"href":"https:\/\/ancco.com.pe\/tienda\/wp-json\/wp\/v2\/media?parent=6322"}],"wp:term":[{"taxonomy":"product_brand","embeddable":true,"href":"https:\/\/ancco.com.pe\/tienda\/wp-json\/wp\/v2\/product_brand?post=6322"},{"taxonomy":"product_cat","embeddable":true,"href":"https:\/\/ancco.com.pe\/tienda\/wp-json\/wp\/v2\/product_cat?post=6322"},{"taxonomy":"product_tag","embeddable":true,"href":"https:\/\/ancco.com.pe\/tienda\/wp-json\/wp\/v2\/product_tag?post=6322"}],"curies":[{"name":"wp","href":"https:\/\/api.w.org\/{rel}","templated":true}]}}