{"id":6311,"date":"2025-11-22T07:01:03","date_gmt":"2025-11-22T07:01:03","guid":{"rendered":"https:\/\/ancco.com.pe\/tienda\/producto\/inversor-de-12v-a-220v-600w-onda-modificada\/"},"modified":"2025-11-22T07:11:44","modified_gmt":"2025-11-22T07:11:44","slug":"inversor-de-12v-a-220v-600w-onda-modificada","status":"publish","type":"product","link":"https:\/\/ancco.com.pe\/tienda\/producto\/inversor-de-12v-a-220v-600w-onda-modificada\/","title":{"rendered":"Inversor De 12v A 220v 600w Onda Modificada"},"content":{"rendered":"<p>El Inversor de Potencia de 12V a 220V y 600W de Onda Modificada es un equipo electr\u00f3nico port\u00e1til esencial para transformar la energ\u00eda de corriente continua (DC) de baja tensi\u00f3n de una bater\u00eda en la corriente alterna (AC) de alto voltaje utilizada en hogares y oficinas.<\/p>\n<p><strong>\ud83d\udd0c Prop\u00f3sito y Capacidad<\/strong><br \/>\nEste inversor convierte la energ\u00eda de 12V DC (t\u00edpica de bater\u00edas de veh\u00edculos, caravanas o peque\u00f1os sistemas solares) en 220V AC (el est\u00e1ndar el\u00e9ctrico de muchos pa\u00edses).<\/p>\n<p><strong>Potencia:<\/strong>\u00a0Ofrece una potencia continua de 600 vatios (W). Esto lo hace ideal para la mayor\u00eda de los dispositivos de bajo consumo:<\/p>\n<p><strong>Viajes y Camping:<\/strong>\u00a0Cargar laptops, tablets y tel\u00e9fonos m\u00f3viles y\u00a0 peque\u00f1as herramientas.<\/p>\n<p><strong>Limitaciones:<\/strong>\u00a0Los 600W no son suficientes para aparatos de alto consumo como microondas, secadores de pelo, cafeteras o herramientas el\u00e9ctricas grandes.<\/p>\n","protected":false},"excerpt":{"rendered":"<p><strong>Detalles r\u00e1pidos:<\/strong><\/p>\n<ul>\n<li>Lugar del origen: Lima, Per\u00fa<\/li>\n<li>Marca: BLUE SOLAR<\/li>\n<li>Material: Aluminio<\/li>\n<li>N\u00famero de Modelo: BS600M\/12V<\/li>\n<li>Color: Verde, azul<\/li>\n<li>Voltaje de entrada: 12V DC<\/li>\n<li>Voltaje de salida: 220V\/ 230V AC<\/li>\n<li>Potencia nominal: 600W<\/li>\n<li>Forma de onda: Onda Modificada<\/li>\n<\/ul>\n","protected":false},"featured_media":6341,"template":"","meta":{"_joinchat":[]},"product_brand":[],"product_cat":[268],"product_tag":[],"class_list":{"0":"post-6311","1":"product","2":"type-product","3":"status-publish","4":"has-post-thumbnail","6":"product_cat-inversores-de-energia-blue-solar","8":"first","9":"instock","10":"sale","11":"shipping-taxable","12":"purchasable","13":"product-type-simple"},"_links":{"self":[{"href":"https:\/\/ancco.com.pe\/tienda\/wp-json\/wp\/v2\/product\/6311","targetHints":{"allow":["GET"]}}],"collection":[{"href":"https:\/\/ancco.com.pe\/tienda\/wp-json\/wp\/v2\/product"}],"about":[{"href":"https:\/\/ancco.com.pe\/tienda\/wp-json\/wp\/v2\/types\/product"}],"wp:featuredmedia":[{"embeddable":true,"href":"https:\/\/ancco.com.pe\/tienda\/wp-json\/wp\/v2\/media\/6341"}],"wp:attachment":[{"href":"https:\/\/ancco.com.pe\/tienda\/wp-json\/wp\/v2\/media?parent=6311"}],"wp:term":[{"taxonomy":"product_brand","embeddable":true,"href":"https:\/\/ancco.com.pe\/tienda\/wp-json\/wp\/v2\/product_brand?post=6311"},{"taxonomy":"product_cat","embeddable":true,"href":"https:\/\/ancco.com.pe\/tienda\/wp-json\/wp\/v2\/product_cat?post=6311"},{"taxonomy":"product_tag","embeddable":true,"href":"https:\/\/ancco.com.pe\/tienda\/wp-json\/wp\/v2\/product_tag?post=6311"}],"curies":[{"name":"wp","href":"https:\/\/api.w.org\/{rel}","templated":true}]}}