{"id":6285,"date":"2025-11-22T04:46:42","date_gmt":"2025-11-22T04:46:42","guid":{"rendered":"https:\/\/ancco.com.pe\/tienda\/?post_type=product&#038;p=6285"},"modified":"2025-11-22T04:49:02","modified_gmt":"2025-11-22T04:49:02","slug":"estabilizador-trifasico-50-kva-380v","status":"publish","type":"product","link":"https:\/\/ancco.com.pe\/tienda\/producto\/estabilizador-trifasico-50-kva-380v\/","title":{"rendered":"Estabilizador Trifasico 50 Kva 380v"},"content":{"rendered":"<div class=\"main-content col-lg-9\">\n<div id=\"primary\" class=\"content-area\">\n<p><b>Caracter\u00edsticas t\u00e9cnicas:<\/b><\/p>\n<p><strong>INGRESO:<\/strong><\/p>\n<p>Ingreso: 380V AC<\/p>\n<p>Rango +\/- 30%<\/p>\n<p>Conectores de Ingreso: Pernos (R \u2013 S \u2013 T\u2013 N)<\/p>\n<p>Fase: 3PH \u2013 Trif\u00e1sico<\/p>\n<p>Frecuencia: 50-60 Hz<\/p>\n<p>Factor de Potencia: 0.9<\/p>\n<p>Filtros incorporados: EMI \/ RFI<\/p>\n<p><strong>SALIDA:<\/strong><\/p>\n<p>Potencia Real: 50 KVA<\/p>\n<p>Salida: 380V AC<\/p>\n<p>Fase: 3PH \u2013 Trif\u00e1sico<\/p>\n<p>Conectores de salida: Pernos (R \u2013 S \u2013 T \u2013 N)<\/p>\n<p>Frecuencia: 50-60 Hz<\/p>\n<p>Forma de Onda: Senoidal<\/p>\n<p>Tipos de cargas a soportar: Inductiva o Capacitiva<\/p>\n<p>Tiempo de Respuesta: &lt; a 8ms<\/p>\n<p>Tipo de Protecci\u00f3n: Llave t\u00e9rmica trif\u00e1sica<\/p>\n<p>Indicador de Voltaje: Meter Digital<\/p>\n<p>Eficiencia: \u2265 98%<\/p>\n<p>Distorsi\u00f3n de onda: Nula<\/p>\n<p>Distorsi\u00f3n Arm\u00f3nica: &lt;3%<\/p>\n<p><strong>TRASFORMADOR:<\/strong><\/p>\n<p>Tipo: Auto-Transformador en Seco<\/p>\n<p>Factor: K-13<\/p>\n<p>Norma de Fabricaci\u00f3n:\u00a0 IEC \u2013 76 ITINTEC 370 \u2013 002<\/p>\n<p>Montaje: Interior<\/p>\n<p><strong>PROTECCIONES ADICIONALES:<\/strong><\/p>\n<p>&nbsp;<\/p>\n<p>Sistema de corte por bajo y alto voltaje\u00a0\u00a0\u00a0\u00a0\u00a0\u00a0\u00a0 Autom\u00e1tico<\/p>\n<p>Sistema de retardo de encendido: 5 a 10 segundos<\/p>\n<p>Protecci\u00f3n contra sobre tensiones transitorias\u00a0\u00a0\u00a0\u00a0\u00a0\u00a0\u00a0\u00a0 Banco de varistores<\/p>\n<p>Protecci\u00f3n contra sobre cargas\u00a0\u00a0\u00a0\u00a0\u00a0\u00a0\u00a0 Apagado autom\u00e1tico y reposici\u00f3n manual una vez solucionado el problema<\/p>\n<p>&nbsp;<\/p>\n<p><strong>CONDICIONES DE TRABAJO:<\/strong><\/p>\n<p>Altitud\u00a0 4800 m.s.n.m<\/p>\n<p>Temperatura de Trabajo\u00a0\u00a0\u00a0\u00a0\u00a0\u00a0\u00a0 0\u00b0 ~ 60 \u00b0C<\/p>\n<p>Humedad Relativa\u00a0\u00a0\u00a0\u00a0 0 ~ 95 % Sin condensaci\u00f3n<\/p>\n<p>EQUIPO:<\/p>\n<p>Ventilaci\u00f3n: Aire natural\/Ventilador<\/p>\n<p>Gabinete de protecci\u00f3n\u00a0\u00a0\u00a0\u00a0\u00a0\u00a0\u00a0\u00a0 : IP20<\/p>\n<p>Gabinete met\u00e1lico: Fabricado en plancha LAF<\/p>\n<p>Acabados: El gabinete es sometido a un proceso anticorrosivo de tipo fosfatizado. El pintado es de base ep\u00f3xido anticorrosivo y el acabado ser\u00e1 ep\u00f3xido crema. El proceso de pintado es electrost\u00e1tico.<\/p>\n<p><strong>CERTIFICACIONES:<\/strong><\/p>\n<p>Nuestros productos cumplen con todas las pruebas t\u00e9cnicas que exigen las normas nacionales e internacionales. Productos de primera calidad, certificados con normas internacionales: ISSO 9001 y SGS.<\/p>\n<p>ITINTEC 370.002: Dise\u00f1o de fabricaci\u00f3n y pruebas<\/p>\n<p>IEC 60076: Dise\u00f1o de fabricaci\u00f3n y pruebas<\/p>\n<p>IEC 60076-7: Dise\u00f1o de fabricaci\u00f3n y pruebas<\/p>\n<p>ANSI C571210: Dise\u00f1o de fabricaci\u00f3n y pruebas<\/p>\n<\/div>\n<\/div>\n","protected":false},"excerpt":{"rendered":"<p><strong>Detalles R\u00e1pidos:<\/strong><\/p>\n<ul>\n<li>Lugar de Origen: Lima, Per\u00fa<\/li>\n<li>Nombre de la marca: Peptel<\/li>\n<li>N\u00famero de modelo: EN-TN50000 \/ EN-TNS50000<\/li>\n<li>Fase: Trifasico 3F<\/li>\n<li>Voltaje de entrada: 380V AC (R-S-T-N)<\/li>\n<li>Voltaje de salida: 380V AC (R-S-T-N)<\/li>\n<li>Frecuencia de trabajo: 50\/60Hz<\/li>\n<li>Material de bobinado: Aluminio<\/li>\n<li>M\u00e9todo de enfriamiento: Refrigeraci\u00f3n por aire natural de tipo seco<\/li>\n<\/ul>\n","protected":false},"featured_media":6286,"template":"","meta":{"_joinchat":[]},"product_brand":[],"product_cat":[44],"product_tag":[267],"class_list":{"0":"post-6285","1":"product","2":"type-product","3":"status-publish","4":"has-post-thumbnail","6":"product_cat-estabilizador-de-voltaje","7":"product_tag-estabilizadores-trifasicos","9":"first","10":"instock","11":"sale","12":"shipping-taxable","13":"purchasable","14":"product-type-simple"},"_links":{"self":[{"href":"https:\/\/ancco.com.pe\/tienda\/wp-json\/wp\/v2\/product\/6285","targetHints":{"allow":["GET"]}}],"collection":[{"href":"https:\/\/ancco.com.pe\/tienda\/wp-json\/wp\/v2\/product"}],"about":[{"href":"https:\/\/ancco.com.pe\/tienda\/wp-json\/wp\/v2\/types\/product"}],"wp:featuredmedia":[{"embeddable":true,"href":"https:\/\/ancco.com.pe\/tienda\/wp-json\/wp\/v2\/media\/6286"}],"wp:attachment":[{"href":"https:\/\/ancco.com.pe\/tienda\/wp-json\/wp\/v2\/media?parent=6285"}],"wp:term":[{"taxonomy":"product_brand","embeddable":true,"href":"https:\/\/ancco.com.pe\/tienda\/wp-json\/wp\/v2\/product_brand?post=6285"},{"taxonomy":"product_cat","embeddable":true,"href":"https:\/\/ancco.com.pe\/tienda\/wp-json\/wp\/v2\/product_cat?post=6285"},{"taxonomy":"product_tag","embeddable":true,"href":"https:\/\/ancco.com.pe\/tienda\/wp-json\/wp\/v2\/product_tag?post=6285"}],"curies":[{"name":"wp","href":"https:\/\/api.w.org\/{rel}","templated":true}]}}