{"id":6268,"date":"2025-11-22T03:54:02","date_gmt":"2025-11-22T03:54:02","guid":{"rendered":"https:\/\/ancco.com.pe\/tienda\/?post_type=product&#038;p=6268"},"modified":"2025-11-22T04:00:33","modified_gmt":"2025-11-22T04:00:33","slug":"estabilizador-solido-de-4-kva-4000w-220v","status":"publish","type":"product","link":"https:\/\/ancco.com.pe\/tienda\/producto\/estabilizador-solido-de-4-kva-4000w-220v\/","title":{"rendered":"Estabilizador Solido de 4 KVA 4000W 220V"},"content":{"rendered":"<div class=\"main-content col-lg-9\">\n<div id=\"primary\" class=\"content-area\">\n<p>Este\u00a0<b>estabilizador de voltaje<\/b>\u00a0JUPE es un dispositivo dise\u00f1ado para proteger equipos electr\u00f3nicos y el\u00e9ctricos de las fluctuaciones de voltaje en la red el\u00e9ctrica.<\/p>\n<p><b>Potencia Real:<\/b>\u00a04000W \/ 4KW. Esto significa que puede manejar una carga de hasta 4000 vatios.<\/p>\n<p><b>Voltaje de Entrada:<\/b>\u00a0160V \u2013 260V AC. El estabilizador est\u00e1 dise\u00f1ado para trabajar con voltajes de entrada que fluct\u00faan dentro de este rango, corrigiendo la salida a un voltaje constante.<\/p>\n<p><b>Voltaje de Salida:<\/b>\u00a0220V AC. El dispositivo garantiza un voltaje de salida estable de 220V, con una precisi\u00f3n de \u00b13%.<\/p>\n<p><b>Tecnolog\u00eda:<\/b>\u00a0100% estado s\u00f3lido. Sistemas de lazo cerrado para una respuesta ultra-r\u00e1pida (menos de 8 milisegundos) y un control preciso del voltaje.<\/p>\n<p><b>Frecuencia:<\/b>\u00a050\/60 Hz. Es compatible con las frecuencias de red el\u00e9ctrica m\u00e1s comunes.<\/p>\n<p>&nbsp;<\/p>\n<p><b>Protecci\u00f3n:<\/b>\u00a0Cuenta con un interruptor de protecci\u00f3n, adem\u00e1s de un transformador de tipo auto-transformador en seco.<\/p>\n<p><b>Tomas de Salida:<\/b>\u00a0Tiene 4 tomas de salida tipo Leviton para conectar tus dispositivos.<\/p>\n<p><b>Indicador:<\/b>\u00a0Tiene un medidor anal\u00f3gico para visualizar el voltaje de salida en tiempo real.<\/p>\n<p><b>Eficiencia:<\/b>\u00a0Con una eficiencia superior al 95%,<\/p>\n<p><b>Gabinete:<\/b>\u00a0Un gabinete met\u00e1lico con acabado anticorrosivo (IP20) lo protege de factores externos y asegura su durabilidad.<\/p>\n<\/div>\n<\/div>\n","protected":false},"excerpt":{"rendered":"<p><strong>Detalles R\u00e1pidos:<\/strong><\/p>\n<ul>\n<li>Lugar de Origen: Lima, Per\u00fa<\/li>\n<li>Nombre de la marca: JUPE<\/li>\n<li>N\u00famero de modelo: JU-4000W<\/li>\n<li>Fase: 1PH \u2013 Monof\u00e1sico<\/li>\n<li>Voltaje de entrada: 220V AC<\/li>\n<li>Voltaje de salida: 220V AC<\/li>\n<li>Frecuencia de trabajo: 50\/60Hz<\/li>\n<li>Material de bobinado: Cobre<\/li>\n<\/ul>\n","protected":false},"featured_media":6269,"template":"","meta":{"_joinchat":[]},"product_brand":[],"product_cat":[44],"product_tag":[265],"class_list":{"0":"post-6268","1":"product","2":"type-product","3":"status-publish","4":"has-post-thumbnail","6":"product_cat-estabilizador-de-voltaje","7":"product_tag-estabilizador-monofasico-hibrido","9":"first","10":"instock","11":"sale","12":"shipping-taxable","13":"purchasable","14":"product-type-simple"},"_links":{"self":[{"href":"https:\/\/ancco.com.pe\/tienda\/wp-json\/wp\/v2\/product\/6268","targetHints":{"allow":["GET"]}}],"collection":[{"href":"https:\/\/ancco.com.pe\/tienda\/wp-json\/wp\/v2\/product"}],"about":[{"href":"https:\/\/ancco.com.pe\/tienda\/wp-json\/wp\/v2\/types\/product"}],"wp:featuredmedia":[{"embeddable":true,"href":"https:\/\/ancco.com.pe\/tienda\/wp-json\/wp\/v2\/media\/6269"}],"wp:attachment":[{"href":"https:\/\/ancco.com.pe\/tienda\/wp-json\/wp\/v2\/media?parent=6268"}],"wp:term":[{"taxonomy":"product_brand","embeddable":true,"href":"https:\/\/ancco.com.pe\/tienda\/wp-json\/wp\/v2\/product_brand?post=6268"},{"taxonomy":"product_cat","embeddable":true,"href":"https:\/\/ancco.com.pe\/tienda\/wp-json\/wp\/v2\/product_cat?post=6268"},{"taxonomy":"product_tag","embeddable":true,"href":"https:\/\/ancco.com.pe\/tienda\/wp-json\/wp\/v2\/product_tag?post=6268"}],"curies":[{"name":"wp","href":"https:\/\/api.w.org\/{rel}","templated":true}]}}