{"id":6241,"date":"2025-11-22T03:33:32","date_gmt":"2025-11-22T03:33:32","guid":{"rendered":"https:\/\/ancco.com.pe\/tienda\/?post_type=product&#038;p=6241"},"modified":"2025-11-22T03:38:39","modified_gmt":"2025-11-22T03:38:39","slug":"autotransformador-de-4-kva-220v-a-120v-50-60hz","status":"publish","type":"product","link":"https:\/\/ancco.com.pe\/tienda\/producto\/autotransformador-de-4-kva-220v-a-120v-50-60hz\/","title":{"rendered":"Autotransformador de 4 KVA (220v a 120v) 50\/60hz"},"content":{"rendered":"<div class=\"vc_column_container col-md-6\">\n<div class=\"wpb_wrapper vc_column-inner\">\n<div class=\"wpb_text_column wpb_content_element wpb_custom_7c91d232724f73626cc933bd95b25ff0\">\n<div class=\"wpb_wrapper\">\n<p><span class=\"citation-6 citation-end-6\">Un autotransformador de\u00a0 4KW, para convertir de 220V a 120V con frecuencia de 50\/60 Hz es un dispositivo com\u00fan para adaptar equipos el\u00e9ctricos de un voltaje a otro.<\/span><\/p>\n<p><strong>Potencia Nominal:<\/strong>\u00a04KW<\/p>\n<p><strong>Voltaje de Entrada (Primario):<\/strong>\u00a0<span class=\"citation-3 citation-end-3\">220V AC (Corriente Alterna).<\/span><\/p>\n<p><strong>Voltaje de Salida (Secundario):<\/strong>\u00a0120V AC (Corriente Alterna).<\/p>\n<p><strong><span class=\"citation-2\">Frecuencia de Operaci\u00f3n:<\/span><\/strong><span class=\"citation-2 citation-end-2\">\u00a050\/60 Hz.<\/span>\u00a0Esto significa que es compatible con ambas frecuencias de red el\u00e9ctrica, lo cual es muy importante para su uso en diferentes regiones del mundo.<\/p>\n<p><strong>Fase:<\/strong>\u00a0Monof\u00e1sico.<\/p>\n<p><strong>Nivel de Ruido:<\/strong>\u00a0Generalmente bajo, a menudo &lt; 25 dB<\/p>\n<p><strong>Tipo de Cargas a Soportar:<\/strong>\u00a0Inductivas o Capacitativas.<\/p>\n<\/div>\n<\/div>\n<\/div>\n<\/div>\n<div class=\"vc_column_container col-md-6\">\n<div class=\"wpb_wrapper vc_column-inner\">\n<div class=\"porto-info-list-item-desc\"><strong>Tipo de Transformador (Autotransformador):<\/strong> A diferencia de un transformador de aislamiento, un autotransformador utiliza una \u00fanica bobina con derivaciones. Esto lo hace m\u00e1s compacto, liviano y eficiente, ya que consume menos energ\u00eda en forma de calor.<strong>Material de Bobinado:<\/strong>\u00a0Los bobinados son de\u00a0<strong>cobre<\/strong>, lo que asegura una buena conductividad, alta eficiencia y durabilidad.<\/p>\n<p><strong>Sistema de Enfriamiento:<\/strong>\u00a0Estos equipos son de tipo \u00abseco\u00bb y se enfr\u00edan por\u00a0<strong>convecci\u00f3n natural del aire<\/strong>.<\/p>\n<p><strong>Eficiencia:<\/strong>\u00a0Eficiencia (generalmente superior al 98%), lo que minimiza las p\u00e9rdidas de energ\u00eda y el calor generado.<\/p>\n<p><strong>Conexiones:<\/strong>\u00a0Tiene un cable con enchufe para la conexi\u00f3n a la red de 220V y dos tomas de salida (tipo universal o americana) para los dispositivos de 120V.<\/p>\n<\/div>\n<\/div>\n<\/div>\n","protected":false},"excerpt":{"rendered":"<p><strong>Detalles R\u00e1pidos:<\/strong><\/p>\n<ul>\n<li>Lugar de Origen: Lima, Per\u00fa<\/li>\n<li>Nombre de la marca: ANCCO<\/li>\n<li>N\u00famero de modelo: AN-AT4000W<\/li>\n<li>N\u00famero de bobina: Autotransformador<\/li>\n<li>Voltaje de entrada: 220V AC<\/li>\n<li>Voltaje de salida: 120V AC<\/li>\n<li>Frecuencia de trabajo: 50\/60Hz<\/li>\n<\/ul>\n","protected":false},"featured_media":6127,"template":"","meta":{"_joinchat":[]},"product_brand":[],"product_cat":[253,245],"product_tag":[262],"class_list":{"0":"post-6241","1":"product","2":"type-product","3":"status-publish","4":"has-post-thumbnail","6":"product_cat-autotransformador","7":"product_cat-transformadores","8":"product_tag-autotransformador-de-220v-a-120v","10":"first","11":"instock","12":"sale","13":"shipping-taxable","14":"purchasable","15":"product-type-simple"},"_links":{"self":[{"href":"https:\/\/ancco.com.pe\/tienda\/wp-json\/wp\/v2\/product\/6241","targetHints":{"allow":["GET"]}}],"collection":[{"href":"https:\/\/ancco.com.pe\/tienda\/wp-json\/wp\/v2\/product"}],"about":[{"href":"https:\/\/ancco.com.pe\/tienda\/wp-json\/wp\/v2\/types\/product"}],"wp:featuredmedia":[{"embeddable":true,"href":"https:\/\/ancco.com.pe\/tienda\/wp-json\/wp\/v2\/media\/6127"}],"wp:attachment":[{"href":"https:\/\/ancco.com.pe\/tienda\/wp-json\/wp\/v2\/media?parent=6241"}],"wp:term":[{"taxonomy":"product_brand","embeddable":true,"href":"https:\/\/ancco.com.pe\/tienda\/wp-json\/wp\/v2\/product_brand?post=6241"},{"taxonomy":"product_cat","embeddable":true,"href":"https:\/\/ancco.com.pe\/tienda\/wp-json\/wp\/v2\/product_cat?post=6241"},{"taxonomy":"product_tag","embeddable":true,"href":"https:\/\/ancco.com.pe\/tienda\/wp-json\/wp\/v2\/product_tag?post=6241"}],"curies":[{"name":"wp","href":"https:\/\/api.w.org\/{rel}","templated":true}]}}