{"id":6062,"date":"2025-09-25T05:07:01","date_gmt":"2025-09-25T05:07:01","guid":{"rendered":"https:\/\/ancco.com.pe\/tienda\/?post_type=product&#038;p=6062"},"modified":"2025-09-25T05:11:44","modified_gmt":"2025-09-25T05:11:44","slug":"transformador-de-aislamiento-500w-220v","status":"publish","type":"product","link":"https:\/\/ancco.com.pe\/tienda\/producto\/transformador-de-aislamiento-500w-220v\/","title":{"rendered":"Transformador de aislamiento 500W 220v"},"content":{"rendered":"<p><strong>Caracter\u00edsticas t\u00e9cnicas:<\/strong><\/p>\n<p><strong>Potencia:<\/strong>\u00a0500W. Esto indica la capacidad m\u00e1xima de carga que puede soportar.<br \/>\n<strong>Voltaje de entrada:<\/strong>\u00a0220V AC (Corriente Alterna). Es el voltaje de la red el\u00e9ctrica al que se conecta el transformador.<br \/>\n<strong>Voltaje de salida:<\/strong>\u00a0220V AC. En el caso de un transformador de aislamiento 220V a 220V, el voltaje de salida es el mismo que el de entrada, pero la caracter\u00edstica principal es el aislamiento.<br \/>\n<strong>Frecuencia:<\/strong>\u00a050\/60 Hz. Compatible con las frecuencias est\u00e1ndar de la red el\u00e9ctrica.<br \/>\n<strong>Fase:<\/strong>\u00a0Monof\u00e1sico (1PH). Indica que funciona con una sola fase de corriente alterna.<br \/>\n<strong>Tipo:<\/strong>\u00a0Seco. Significa que no utiliza aceite para la refrigeraci\u00f3n, siendo m\u00e1s seguros y f\u00e1ciles de mantener.<\/p>\n<p><strong>Refrigeraci\u00f3n:<\/strong>\u00a0ANAN (Aire Natural Auto-enfriado). Se enfr\u00eda por convecci\u00f3n natural del aire.<br \/>\n<strong>Aislamiento t\u00e9rmico:<\/strong>\u00a0Clase H (155\u00b0C) o F, lo que indica la m\u00e1xima temperatura de operaci\u00f3n que pueden soportar sus materiales de aislamiento.<br \/>\n<strong>Eficiencia:<\/strong>\u00a0Alta, a menudo superior al 98%, lo que minimiza las p\u00e9rdidas de energ\u00eda.<br \/>\n<strong>Construcci\u00f3n:<\/strong>\u00a0Tiene un n\u00facleo magn\u00e9tico de alta eficiencia y bobinas de cobre. Incluye una pantalla galv\u00e1nica entre la bobina primaria y secundaria para mejorar el aislamiento y reducir el ruido.<br \/>\n<strong>Conexiones:<\/strong>\u00a0Tiene un cable vulcanizado de entrada y 2 tomas levinton de salida.<br \/>\n<strong>Nivel de ruido:<\/strong>\u00a0Bajo, generalmente menos de 25dB.<br \/>\n<strong>Montaje:<\/strong>\u00a0Dise\u00f1ado para uso en interiores o exteriores, grado de protecci\u00f3n (IP20).<br \/>\n<strong>Normas de fabricaci\u00f3n:<\/strong>\u00a0IEC-76, IEC 60076, NTP 370-002.<\/p>\n","protected":false},"excerpt":{"rendered":"<p><strong>Detalles R\u00e1pidos:<\/strong><\/p>\n<ul>\n<li>Lugar de Origen: Lima, Per\u00fa<\/li>\n<li>Nombre de la marca: ANCCO<\/li>\n<li>N\u00famero de modelo: AN-TA500W<\/li>\n<li>N\u00famero de bobina: Transformador clase H<\/li>\n<li>Voltaje de entrada: 220V AC<\/li>\n<li>Voltaje de salida: 220V AC<\/li>\n<li>Frecuencia de trabajo: 50\/60Hz<\/li>\n<li>Material de bobinado: Cobre<\/li>\n<li>M\u00e9todo de enfriamiento: Refrigeraci\u00f3n por aire natural de tipo seco<\/li>\n<\/ul>\n","protected":false},"featured_media":6064,"template":"","meta":{"_joinchat":[]},"product_brand":[],"product_cat":[247,245],"product_tag":[259],"class_list":{"0":"post-6062","1":"product","2":"type-product","3":"status-publish","4":"has-post-thumbnail","6":"product_cat-transformador-de-aislamiento-monofasico","7":"product_cat-transformadores","8":"product_tag-transformador-de-aislamiento-220v-a-220v","10":"first","11":"instock","12":"sale","13":"shipping-taxable","14":"purchasable","15":"product-type-simple"},"_links":{"self":[{"href":"https:\/\/ancco.com.pe\/tienda\/wp-json\/wp\/v2\/product\/6062","targetHints":{"allow":["GET"]}}],"collection":[{"href":"https:\/\/ancco.com.pe\/tienda\/wp-json\/wp\/v2\/product"}],"about":[{"href":"https:\/\/ancco.com.pe\/tienda\/wp-json\/wp\/v2\/types\/product"}],"wp:featuredmedia":[{"embeddable":true,"href":"https:\/\/ancco.com.pe\/tienda\/wp-json\/wp\/v2\/media\/6064"}],"wp:attachment":[{"href":"https:\/\/ancco.com.pe\/tienda\/wp-json\/wp\/v2\/media?parent=6062"}],"wp:term":[{"taxonomy":"product_brand","embeddable":true,"href":"https:\/\/ancco.com.pe\/tienda\/wp-json\/wp\/v2\/product_brand?post=6062"},{"taxonomy":"product_cat","embeddable":true,"href":"https:\/\/ancco.com.pe\/tienda\/wp-json\/wp\/v2\/product_cat?post=6062"},{"taxonomy":"product_tag","embeddable":true,"href":"https:\/\/ancco.com.pe\/tienda\/wp-json\/wp\/v2\/product_tag?post=6062"}],"curies":[{"name":"wp","href":"https:\/\/api.w.org\/{rel}","templated":true}]}}