{"id":6051,"date":"2025-09-25T04:26:35","date_gmt":"2025-09-25T04:26:35","guid":{"rendered":"https:\/\/ancco.com.pe\/tienda\/?post_type=product&#038;p=6051"},"modified":"2025-09-25T04:31:35","modified_gmt":"2025-09-25T04:31:35","slug":"autotransformador-de-1kva-220v-a-110v-50-60hz","status":"publish","type":"product","link":"https:\/\/ancco.com.pe\/tienda\/producto\/autotransformador-de-1kva-220v-a-110v-50-60hz\/","title":{"rendered":"Autotransformador de 1KVA (220v a 110v) 50\/60hz"},"content":{"rendered":"<p><b>Caracter\u00edsticas t\u00e9cnicas:<\/b><\/p>\n<p><strong>Ingreso:<\/strong><br \/>\nIngreso: 220V AC<br \/>\nFase: 1 \u2013 Monof\u00e1sico<br \/>\nFrecuencia: 50 \u2013 60 Hz<br \/>\nConexi\u00f3n de Ingreso: Bornera<\/p>\n<p><strong>Salida:<\/strong><br \/>\nPotencia: 100W \/ 100 VA<br \/>\nSalida: 28V AC<br \/>\nL\u00ednea neutra: Punto neutro conectado a tierra.<br \/>\nFase: 1 \u2013 Monof\u00e1sico<br \/>\nFrecuencia: 50 \u2013 60 Hz<br \/>\nTipos de cargas a soportar: Inductiva o Capacitiva<br \/>\nConexi\u00f3n de Salida: Bornera<br \/>\nEficiencia: = 98%<\/p>\n<p>Norma de fabricaci\u00f3n: IEC-76 ITINTEC 370 \u2013 002<br \/>\nTipo: Seco<br \/>\nRefrigeraci\u00f3n: ANAN<br \/>\nAislamiento t\u00e9rmico: Tipo H (155\u00b0C)<br \/>\nFactor de potencia: 0.9<br \/>\nGrupo de conexi\u00f3n: Dyn5<br \/>\nNivel de ruido: &lt; a 25dB<br \/>\nAislamiento: Factor\u00a0 K13, pantalla galv\u00e1nica entre bobina primaria y secundaria<br \/>\nTcc % a 75\u00b0C 3.80%<br \/>\nNivel de ruido: 55dB a 1,5 m de distancia<br \/>\nMontaje: Uso interior o exterior<\/p>\n<p><b>Transformador<\/b><strong>:<\/strong><br \/>\nAislamiento: Clase H<br \/>\nNorma de Fabricaci\u00f3n: ICE 60076 Parte 11, NTP 370-002<br \/>\nN\u00facleo magn\u00e9tico tipo step lap de 45\u00b0 corte en V, garantizando, alta eficiencia, p\u00e9rdidas m\u00ednimas de energ\u00eda y un trabajo silencioso tratamiento t\u00e9rmico Secado y llenado tecnolog\u00eda para transformadores.<br \/>\nProceso de fabricaci\u00f3n totalmente AUTOMATIZADO, insumos de<br \/>\nPrimera calidad, certificados con normas internacionales: ISSO 9001 y SGS.<\/p>\n<p><strong>Condiciones de Trabajo:<\/strong><br \/>\nAltitud: 5000 m.s.n.m<br \/>\nTemperatura de Trabajo: 0\u00b0 ~ 60 \u00b0C<br \/>\nHumedad Relativa: 0 ~ 95 % Sin condensaci\u00f3n<\/p>\n<p><strong>Equipo:<\/strong><br \/>\nGabinete de protecci\u00f3n: IP20, con tapa en la parte superior y accesible por los lados. Est\u00e1 provista por orificios de ventilaci\u00f3n. La entrada y salida de cables es por la parte trasera del equipo en borneras industriales.<br \/>\nGabinete met\u00e1lico: Fabricado en plancha LAF<br \/>\nAcabados: El gabinete es sometido a un proceso anticorrosivo de tipo fosfatizado. El pintado es de base ep\u00f3xido anticorrosivo y el acabado ser\u00e1 ep\u00f3xido crema. El proceso de pintado es electrost\u00e1tico.<\/p>\n<p>&nbsp;<\/p>\n","protected":false},"excerpt":{"rendered":"<p><strong>Detalles R\u00e1pidos:<\/strong><\/p>\n<ul>\n<li>Lugar de Origen: Lima, Per\u00fa<\/li>\n<li>Nombre de la marca: ANCCO<\/li>\n<li>N\u00famero de modelo: AN-AT1000W<\/li>\n<li>N\u00famero de bobina: Autotransformador<\/li>\n<li>Voltaje de entrada: 220V AC<\/li>\n<li>Voltaje de salida: 110V AC<\/li>\n<li>Frecuencia de trabajo: 50\/60Hz<\/li>\n<li>Material de bobinado: Cobre<\/li>\n<li>M\u00e9todo de enfriamiento: Refrigeraci\u00f3n por aire natural de tipo seco<\/li>\n<\/ul>\n","protected":false},"featured_media":6053,"template":"","meta":{"_joinchat":[]},"product_brand":[],"product_cat":[247,245],"product_tag":[254],"class_list":{"0":"post-6051","1":"product","2":"type-product","3":"status-publish","4":"has-post-thumbnail","6":"product_cat-transformador-de-aislamiento-monofasico","7":"product_cat-transformadores","8":"product_tag-autotransformador-de-220v-a-110v","10":"first","11":"instock","12":"sale","13":"shipping-taxable","14":"purchasable","15":"product-type-simple"},"_links":{"self":[{"href":"https:\/\/ancco.com.pe\/tienda\/wp-json\/wp\/v2\/product\/6051","targetHints":{"allow":["GET"]}}],"collection":[{"href":"https:\/\/ancco.com.pe\/tienda\/wp-json\/wp\/v2\/product"}],"about":[{"href":"https:\/\/ancco.com.pe\/tienda\/wp-json\/wp\/v2\/types\/product"}],"wp:featuredmedia":[{"embeddable":true,"href":"https:\/\/ancco.com.pe\/tienda\/wp-json\/wp\/v2\/media\/6053"}],"wp:attachment":[{"href":"https:\/\/ancco.com.pe\/tienda\/wp-json\/wp\/v2\/media?parent=6051"}],"wp:term":[{"taxonomy":"product_brand","embeddable":true,"href":"https:\/\/ancco.com.pe\/tienda\/wp-json\/wp\/v2\/product_brand?post=6051"},{"taxonomy":"product_cat","embeddable":true,"href":"https:\/\/ancco.com.pe\/tienda\/wp-json\/wp\/v2\/product_cat?post=6051"},{"taxonomy":"product_tag","embeddable":true,"href":"https:\/\/ancco.com.pe\/tienda\/wp-json\/wp\/v2\/product_tag?post=6051"}],"curies":[{"name":"wp","href":"https:\/\/api.w.org\/{rel}","templated":true}]}}