{"id":5999,"date":"2025-06-18T02:07:10","date_gmt":"2025-06-18T02:07:10","guid":{"rendered":"https:\/\/ancco.com.pe\/tienda\/?post_type=product&#038;p=5999"},"modified":"2026-01-17T15:12:55","modified_gmt":"2026-01-17T15:12:55","slug":"autotransformador-500w-220v-a-110v-50-60hz","status":"publish","type":"product","link":"https:\/\/ancco.com.pe\/tienda\/producto\/autotransformador-500w-220v-a-110v-50-60hz\/","title":{"rendered":"Autotransformador 500w 220v a 110v 50\/60hz"},"content":{"rendered":"<p data-sourcepos=\"1:1-1:331\"><span class=\"citation-6 citation-end-6\">Un autotransformador de 500W que convierte de 220V a 110V y soporta frecuencias de 50\/60Hz es un dispositivo muy \u00fatil para adaptar aparatos electr\u00f3nicos dise\u00f1ados para voltajes de 110V (comunes en pa\u00edses como Estados Unidos o Canad\u00e1) a redes el\u00e9ctricas de 220V (como las de Per\u00fa y gran parte de Europa, Asia y \u00c1frica).<\/span><\/p>\n<p data-sourcepos=\"5:1-5:32\"><strong>Caracter\u00edsticas principales:<\/strong><\/p>\n<ul>\n<li><strong><span class=\"citation-5\">Potencia:<\/span><\/strong><span class=\"citation-5 citation-end-5\">\u00a0500W.<\/span>\u00a0Esto significa que puede alimentar dispositivos cuya potencia total no supere los 500 vatios. Es crucial no sobrepasar esta potencia, ya que podr\u00eda da\u00f1ar tanto el autotransformador como el aparato conectado.<\/li>\n<li><strong>Voltaje de entrada:<\/strong>\u00a0220V AC (corriente alterna). Se conecta a una toma de corriente de 220V.<\/li>\n<li><strong><span class=\"citation-4\">Voltaje de salida:<\/span><\/strong><span class=\"citation-4 citation-end-4\">\u00a0110V AC (o a veces 120V AC, dependiendo del modelo, lo cual es compatible con la mayor\u00eda de aparatos de 110V).<\/span><\/li>\n<\/ul>\n<p><strong><span class=\"citation-3\">Frecuencia:<\/span><\/strong><span class=\"citation-3 citation-end-3\">\u00a050\/60Hz.<\/span>\u00a0Esta caracter\u00edstica es importante porque asegura que el autotransformador sea compatible con las frecuencias de red de la mayor\u00eda de los pa\u00edses (50Hz en Europa, Asia, etc., y 60Hz en Am\u00e9rica).<\/p>\n<p><strong>Tipo de transformador:<\/strong>\u00a0Autotransformador.\u00a0<span class=\"citation-2 citation-end-2\">A diferencia de un transformador aislado, un autotransformador tiene una \u00fanica bobina con derivaciones, lo que lo hace m\u00e1s compacto, ligero y generalmente m\u00e1s eficiente para la conversi\u00f3n de voltaje.<\/span><\/p>\n<p><strong>Conexi\u00f3n:<\/strong>\u00a0Cable de entrada para la toma de 220V y una toma de salida de tipo americano (NEMA 1-15) para los aparatos de 110V.<\/p>\n<p><strong>Material de bobinado:<\/strong>\u00a0Cobre, lo que contribuye a una buena eficiencia.<\/p>\n<p><strong>Refrigeraci\u00f3n:<\/strong>\u00a0Refrigeraci\u00f3n por aire natural (ANAN).<\/p>\n","protected":false},"excerpt":{"rendered":"<p><strong>Detalles R\u00e1pidos:<\/strong><\/p>\n<ul>\n<li>Lugar de Origen: Lima, Per\u00fa<\/li>\n<li>Nombre de la marca: ANCCO<\/li>\n<li>N\u00famero de modelo: AN-AT500W<\/li>\n<li>N\u00famero de bobina: Autotransformador<\/li>\n<li>Voltaje de entrada: 220V AC<\/li>\n<li>Voltaje de salida: 110V AC<\/li>\n<li>Frecuencia de trabajo: 50\/60Hz<\/li>\n<li>Material de bobinado: Cobre<\/li>\n<li>M\u00e9todo de enfriamiento: Refrigeraci\u00f3n por aire natural de tipo seco<\/li>\n<\/ul>\n","protected":false},"featured_media":6540,"template":"","meta":{"_joinchat":[]},"product_brand":[],"product_cat":[253,245],"product_tag":[254],"class_list":{"0":"post-5999","1":"product","2":"type-product","3":"status-publish","4":"has-post-thumbnail","6":"product_cat-autotransformador","7":"product_cat-transformadores","8":"product_tag-autotransformador-de-220v-a-110v","10":"first","11":"instock","12":"sale","13":"shipping-taxable","14":"purchasable","15":"product-type-simple"},"_links":{"self":[{"href":"https:\/\/ancco.com.pe\/tienda\/wp-json\/wp\/v2\/product\/5999","targetHints":{"allow":["GET"]}}],"collection":[{"href":"https:\/\/ancco.com.pe\/tienda\/wp-json\/wp\/v2\/product"}],"about":[{"href":"https:\/\/ancco.com.pe\/tienda\/wp-json\/wp\/v2\/types\/product"}],"wp:featuredmedia":[{"embeddable":true,"href":"https:\/\/ancco.com.pe\/tienda\/wp-json\/wp\/v2\/media\/6540"}],"wp:attachment":[{"href":"https:\/\/ancco.com.pe\/tienda\/wp-json\/wp\/v2\/media?parent=5999"}],"wp:term":[{"taxonomy":"product_brand","embeddable":true,"href":"https:\/\/ancco.com.pe\/tienda\/wp-json\/wp\/v2\/product_brand?post=5999"},{"taxonomy":"product_cat","embeddable":true,"href":"https:\/\/ancco.com.pe\/tienda\/wp-json\/wp\/v2\/product_cat?post=5999"},{"taxonomy":"product_tag","embeddable":true,"href":"https:\/\/ancco.com.pe\/tienda\/wp-json\/wp\/v2\/product_tag?post=5999"}],"curies":[{"name":"wp","href":"https:\/\/api.w.org\/{rel}","templated":true}]}}