{"id":5992,"date":"2025-06-17T17:31:31","date_gmt":"2025-06-17T17:31:31","guid":{"rendered":"https:\/\/ancco.com.pe\/tienda\/?post_type=product&#038;p=5992"},"modified":"2026-01-17T15:27:01","modified_gmt":"2026-01-17T15:27:01","slug":"transformador-monofasico-de-220v-a-12v-3a","status":"publish","type":"product","link":"https:\/\/ancco.com.pe\/tienda\/producto\/transformador-monofasico-de-220v-a-12v-3a\/","title":{"rendered":"Transformador monof\u00e1sico de 220v a 12v 3a"},"content":{"rendered":"<p><b>Caracter\u00edsticas t\u00e9cnicas:<\/b><\/p>\n<p><strong>Ingreso:<\/strong><br \/>\nIngreso: 220 VAC<br \/>\nFase: 1 \u2013 Monof\u00e1sico<br \/>\nFrecuencia: 50 \u2013 60 Hz<br \/>\nConexi\u00f3n de Ingreso: Cable<\/p>\n<p><strong>Salida:<\/strong><br \/>\nPotencia: 36W<br \/>\nSalida: 12V \u2013 0V \u2013 12V AC<br \/>\nMaterial de bobinado: Cobre<br \/>\nFrecuencia: 50 \u2013 60 Hz<br \/>\nConexi\u00f3n de Salida: Cable<br \/>\nEficiencia: = 98%<\/p>\n<p><strong>Condiciones de Trabajo:<\/strong><br \/>\nAltitud: 5000 m.s.n.m<br \/>\nTemperatura de Trabajo: 0\u00b0 ~ 60 \u00b0C<br \/>\nHumedad Relativa: 0 ~ 95 % Sin condensaci\u00f3n<\/p>\n","protected":false},"excerpt":{"rendered":"<p><strong>Detalles R\u00e1pidos:<\/strong><\/p>\n<ul>\n<li>Lugar de Origen: Lima, Per\u00fa<\/li>\n<li>Nombre de la marca: ANCCO<\/li>\n<li>N\u00famero de modelo: AN-TA12-0-12-3A<\/li>\n<li>Voltaje de entrada: 220V AC<\/li>\n<li>Voltaje de salida: 12V \u2013 0V \u2013 12V AC<\/li>\n<li>Frecuencia de trabajo: 50\/60Hz<\/li>\n<li>Material de bobinado: Cobre<\/li>\n<li>M\u00e9todo de enfriamiento: Refrigeraci\u00f3n por aire natural de tipo seco<\/li>\n<li>Eficiencia: \u00a0&gt;98 %<\/li>\n<\/ul>\n","protected":false},"featured_media":6545,"template":"","meta":{"_joinchat":[]},"product_brand":[],"product_cat":[247,245],"product_tag":[246],"class_list":{"0":"post-5992","1":"product","2":"type-product","3":"status-publish","4":"has-post-thumbnail","6":"product_cat-transformador-de-aislamiento-monofasico","7":"product_cat-transformadores","8":"product_tag-12v-0v-12v-ac","10":"first","11":"instock","12":"sale","13":"shipping-taxable","14":"purchasable","15":"product-type-simple"},"_links":{"self":[{"href":"https:\/\/ancco.com.pe\/tienda\/wp-json\/wp\/v2\/product\/5992","targetHints":{"allow":["GET"]}}],"collection":[{"href":"https:\/\/ancco.com.pe\/tienda\/wp-json\/wp\/v2\/product"}],"about":[{"href":"https:\/\/ancco.com.pe\/tienda\/wp-json\/wp\/v2\/types\/product"}],"wp:featuredmedia":[{"embeddable":true,"href":"https:\/\/ancco.com.pe\/tienda\/wp-json\/wp\/v2\/media\/6545"}],"wp:attachment":[{"href":"https:\/\/ancco.com.pe\/tienda\/wp-json\/wp\/v2\/media?parent=5992"}],"wp:term":[{"taxonomy":"product_brand","embeddable":true,"href":"https:\/\/ancco.com.pe\/tienda\/wp-json\/wp\/v2\/product_brand?post=5992"},{"taxonomy":"product_cat","embeddable":true,"href":"https:\/\/ancco.com.pe\/tienda\/wp-json\/wp\/v2\/product_cat?post=5992"},{"taxonomy":"product_tag","embeddable":true,"href":"https:\/\/ancco.com.pe\/tienda\/wp-json\/wp\/v2\/product_tag?post=5992"}],"curies":[{"name":"wp","href":"https:\/\/api.w.org\/{rel}","templated":true}]}}