{"id":5989,"date":"2025-06-17T17:25:11","date_gmt":"2025-06-17T17:25:11","guid":{"rendered":"https:\/\/ancco.com.pe\/tienda\/?post_type=product&#038;p=5989"},"modified":"2026-01-17T15:35:02","modified_gmt":"2026-01-17T15:35:02","slug":"transformador-monofasico-de-220v-a-24v-2a","status":"publish","type":"product","link":"https:\/\/ancco.com.pe\/tienda\/producto\/transformador-monofasico-de-220v-a-24v-2a\/","title":{"rendered":"Transformador monof\u00e1sico de 220v A 24v 2a"},"content":{"rendered":"<p><b>Caracter\u00edsticas t\u00e9cnicas:<\/b><\/p>\n<p><strong>Ingreso:<\/strong><br \/>\nIngreso: 220 VAC<br \/>\nFase: 1 \u2013 Monof\u00e1sico<br \/>\nFrecuencia: 50 \u2013 60 Hz<br \/>\nConexi\u00f3n de Ingreso: Cable<\/p>\n<p><strong>Salida:<\/strong><br \/>\nPotencia: 44W<br \/>\nSalida: 24V \u2013 0V \u2013 24V AC<br \/>\nMaterial de bobinado: Cobre<br \/>\nFrecuencia: 50 \u2013 60 Hz<br \/>\nConexi\u00f3n de Salida: Cable<br \/>\nEficiencia: = 98%<\/p>\n<p><strong>Condiciones de Trabajo:<\/strong><br \/>\nAltitud: 5000 m.s.n.m<br \/>\nTemperatura de Trabajo: 0\u00b0 ~ 60 \u00b0C<br \/>\nHumedad Relativa: 0 ~ 95 % Sin condensaci\u00f3n<\/p>\n","protected":false},"excerpt":{"rendered":"<p><strong>Detalles R\u00e1pidos:<\/strong><\/p>\n<ul>\n<li>Lugar de Origen: Lima, Per\u00fa<\/li>\n<li>Nombre de la marca: ANCCO<\/li>\n<li>N\u00famero de modelo: AN-TA24-0-24-2A<\/li>\n<li>Voltaje de entrada: 220V AC<\/li>\n<li>Voltaje de salida: 24V \u2013 0V \u2013 24V AC<\/li>\n<li>Frecuencia de trabajo: 50\/60Hz<\/li>\n<li>Material de bobinado: Cobre<\/li>\n<li>M\u00e9todo de enfriamiento: Refrigeraci\u00f3n por aire natural de tipo seco<\/li>\n<li>Eficiencia: \u00a0&gt;98 %<\/li>\n<\/ul>\n","protected":false},"featured_media":6549,"template":"","meta":{"_joinchat":[]},"product_brand":[],"product_cat":[247,245],"product_tag":[250],"class_list":{"0":"post-5989","1":"product","2":"type-product","3":"status-publish","4":"has-post-thumbnail","6":"product_cat-transformador-de-aislamiento-monofasico","7":"product_cat-transformadores","8":"product_tag-24v-0v-24v","10":"first","11":"instock","12":"sale","13":"shipping-taxable","14":"purchasable","15":"product-type-simple"},"_links":{"self":[{"href":"https:\/\/ancco.com.pe\/tienda\/wp-json\/wp\/v2\/product\/5989","targetHints":{"allow":["GET"]}}],"collection":[{"href":"https:\/\/ancco.com.pe\/tienda\/wp-json\/wp\/v2\/product"}],"about":[{"href":"https:\/\/ancco.com.pe\/tienda\/wp-json\/wp\/v2\/types\/product"}],"wp:featuredmedia":[{"embeddable":true,"href":"https:\/\/ancco.com.pe\/tienda\/wp-json\/wp\/v2\/media\/6549"}],"wp:attachment":[{"href":"https:\/\/ancco.com.pe\/tienda\/wp-json\/wp\/v2\/media?parent=5989"}],"wp:term":[{"taxonomy":"product_brand","embeddable":true,"href":"https:\/\/ancco.com.pe\/tienda\/wp-json\/wp\/v2\/product_brand?post=5989"},{"taxonomy":"product_cat","embeddable":true,"href":"https:\/\/ancco.com.pe\/tienda\/wp-json\/wp\/v2\/product_cat?post=5989"},{"taxonomy":"product_tag","embeddable":true,"href":"https:\/\/ancco.com.pe\/tienda\/wp-json\/wp\/v2\/product_tag?post=5989"}],"curies":[{"name":"wp","href":"https:\/\/api.w.org\/{rel}","templated":true}]}}